{"id":969,"date":"2022-06-16T09:58:12","date_gmt":"2022-06-16T09:58:12","guid":{"rendered":"https:\/\/mexilla.es\/?page_id=969"},"modified":"2022-06-16T10:54:19","modified_gmt":"2022-06-16T10:54:19","slug":"envoltura-de-desayuno","status":"publish","type":"page","link":"https:\/\/mexilla.es\/en\/experiencias\/envoltura-de-desayuno\/","title":{"rendered":"Envoltura de desayuno"},"content":{"rendered":"<div data-elementor-type=\"wp-page\" data-elementor-id=\"969\" class=\"elementor elementor-969\" data-elementor-post-type=\"page\">\n\t\t\t\t\t\t<section class=\"elementor-section elementor-top-section elementor-element elementor-element-5a91750 elementor-section-full_width elementor-section-height-default elementor-section-height-default\" data-id=\"5a91750\" data-element_type=\"section\">\n\t\t\t\t\t\t<div class=\"elementor-container elementor-column-gap-no\">\n\t\t\t\t\t<div class=\"elementor-column elementor-col-100 elementor-top-column elementor-element elementor-element-246afe5\" data-id=\"246afe5\" data-element_type=\"column\">\n\t\t\t<div class=\"elementor-widget-wrap elementor-element-populated\">\n\t\t\t\t\t\t<div class=\"elementor-element elementor-element-028528f elementor-widget elementor-widget-image\" data-id=\"028528f\" data-element_type=\"widget\" data-widget_type=\"image.default\">\n\t\t\t\t<div class=\"elementor-widget-container\">\n\t\t\t\t\t\t\t\t\t\t\t\t\t\t\t<img fetchpriority=\"high\" decoding=\"async\" width=\"3970\" height=\"1608\" src=\"https:\/\/mexilla.es\/wp-content\/uploads\/fondo_retail.png\" class=\"attachment-full size-full wp-image-463\" alt=\"\" srcset=\"https:\/\/mexilla.es\/wp-content\/uploads\/fondo_retail.png 3970w, https:\/\/mexilla.es\/wp-content\/uploads\/fondo_retail-300x122.png 300w, https:\/\/mexilla.es\/wp-content\/uploads\/fondo_retail-1024x415.png 1024w, https:\/\/mexilla.es\/wp-content\/uploads\/fondo_retail-768x311.png 768w, https:\/\/mexilla.es\/wp-content\/uploads\/fondo_retail-1536x622.png 1536w, https:\/\/mexilla.es\/wp-content\/uploads\/fondo_retail-2048x830.png 2048w\" sizes=\"(max-width: 3970px) 100vw, 3970px\" \/>\t\t\t\t\t\t\t\t\t\t\t\t\t\t\t<\/div>\n\t\t\t\t<\/div>\n\t\t\t\t<div class=\"elementor-element elementor-element-ae49ef9 elementor-widget elementor-widget-heading\" data-id=\"ae49ef9\" data-element_type=\"widget\" data-widget_type=\"heading.default\">\n\t\t\t\t<div class=\"elementor-widget-container\">\n\t\t\t\t\t<h1 class=\"elementor-heading-title elementor-size-default\">EXPERIENCIES<\/h1>\t\t\t\t<\/div>\n\t\t\t\t<\/div>\n\t\t\t\t\t<\/div>\n\t\t<\/div>\n\t\t\t\t\t<\/div>\n\t\t<\/section>\n\t\t\t\t<section class=\"elementor-section elementor-top-section elementor-element elementor-element-8572518 elementor-section-boxed elementor-section-height-default elementor-section-height-default\" data-id=\"8572518\" data-element_type=\"section\">\n\t\t\t\t\t\t<div class=\"elementor-container elementor-column-gap-default\">\n\t\t\t\t\t<div class=\"elementor-column elementor-col-100 elementor-top-column elementor-element elementor-element-7487566\" data-id=\"7487566\" data-element_type=\"column\">\n\t\t\t<div class=\"elementor-widget-wrap elementor-element-populated\">\n\t\t\t\t\t\t<div class=\"elementor-element elementor-element-d1b456f elementor-widget elementor-widget-heading\" data-id=\"d1b456f\" data-element_type=\"widget\" data-widget_type=\"heading.default\">\n\t\t\t\t<div class=\"elementor-widget-container\">\n\t\t\t\t\t<h2 class=\"elementor-heading-title elementor-size-default\">Breakfast WRAP<\/h2>\t\t\t\t<\/div>\n\t\t\t\t<\/div>\n\t\t\t\t\t<\/div>\n\t\t<\/div>\n\t\t\t\t\t<\/div>\n\t\t<\/section>\n\t\t\t\t<section class=\"elementor-section elementor-top-section elementor-element elementor-element-5b58d93 elementor-section-boxed elementor-section-height-default elementor-section-height-default\" data-id=\"5b58d93\" data-element_type=\"section\">\n\t\t\t\t\t\t<div class=\"elementor-container elementor-column-gap-default\">\n\t\t\t\t\t<div class=\"elementor-column elementor-col-50 elementor-top-column elementor-element elementor-element-0901d4f\" data-id=\"0901d4f\" data-element_type=\"column\">\n\t\t\t<div class=\"elementor-widget-wrap elementor-element-populated\">\n\t\t\t\t\t\t<div class=\"elementor-element elementor-element-81b8185 elementor-widget elementor-widget-image\" data-id=\"81b8185\" data-element_type=\"widget\" data-widget_type=\"image.default\">\n\t\t\t\t<div class=\"elementor-widget-container\">\n\t\t\t\t\t\t\t\t\t\t\t\t\t\t\t<img decoding=\"async\" width=\"800\" height=\"490\" src=\"https:\/\/mexilla.es\/wp-content\/uploads\/sniadaniowy_wrap_top.jpg\" class=\"attachment-large size-large wp-image-1044\" alt=\"\" srcset=\"https:\/\/mexilla.es\/wp-content\/uploads\/sniadaniowy_wrap_top.jpg 840w, https:\/\/mexilla.es\/wp-content\/uploads\/sniadaniowy_wrap_top-300x184.jpg 300w, https:\/\/mexilla.es\/wp-content\/uploads\/sniadaniowy_wrap_top-768x471.jpg 768w\" sizes=\"(max-width: 800px) 100vw, 800px\" \/>\t\t\t\t\t\t\t\t\t\t\t\t\t\t\t<\/div>\n\t\t\t\t<\/div>\n\t\t\t\t\t<\/div>\n\t\t<\/div>\n\t\t\t\t<div class=\"elementor-column elementor-col-50 elementor-top-column elementor-element elementor-element-11d24c0\" data-id=\"11d24c0\" data-element_type=\"column\">\n\t\t\t<div class=\"elementor-widget-wrap elementor-element-populated\">\n\t\t\t\t\t\t<div class=\"elementor-element elementor-element-3604c99 elementor-widget elementor-widget-heading\" data-id=\"3604c99\" data-element_type=\"widget\" data-widget_type=\"heading.default\">\n\t\t\t\t<div class=\"elementor-widget-container\">\n\t\t\t\t\t<h2 class=\"elementor-heading-title elementor-size-default\">INGREDIENTS (FOR 4 PEOPLE)<\/h2>\t\t\t\t<\/div>\n\t\t\t\t<\/div>\n\t\t\t\t<div class=\"elementor-element elementor-element-e71a000 elementor-widget elementor-widget-image\" data-id=\"e71a000\" data-element_type=\"widget\" data-widget_type=\"image.default\">\n\t\t\t\t<div class=\"elementor-widget-container\">\n\t\t\t\t\t\t\t\t\t\t\t\t\t\t\t<img decoding=\"async\" width=\"57\" height=\"9\" src=\"https:\/\/mexilla.es\/wp-content\/uploads\/linia_icon.png\" class=\"attachment-full size-full wp-image-302\" alt=\"\" \/>\t\t\t\t\t\t\t\t\t\t\t\t\t\t\t<\/div>\n\t\t\t\t<\/div>\n\t\t\t\t<div class=\"elementor-element elementor-element-e9a61a4 lista-receta elementor-widget elementor-widget-text-editor\" data-id=\"e9a61a4\" data-element_type=\"widget\" data-widget_type=\"text-editor.default\">\n\t\t\t\t<div class=\"elementor-widget-container\">\n\t\t\t\t\t\t\t\t\t<ul style=\"color: red; font-weight: bold;\"><li><span style=\"color: #1d1d1b; font-weight: normal;\">1 wholemeal tortilla wrap<\/span><\/li><li><span style=\"color: #1d1d1b; font-weight: normal;\">3 slices of processed cheese<\/span><\/li><li><span style=\"color: #1d1d1b; font-weight: normal;\">3 slices of ham<\/span><\/li><li><span style=\"color: #1d1d1b; font-weight: normal;\">1 salad leave<\/span><\/li><li><span style=\"color: #1d1d1b; font-weight: normal;\">1 tomato<\/span><\/li><li><span style=\"color: #1d1d1b; font-weight: normal;\">15g of canned corn<\/span><\/li><li><span style=\"color: #1d1d1b; font-weight: normal;\">pinch of salt<\/span><\/li><\/ul>\t\t\t\t\t\t\t\t<\/div>\n\t\t\t\t<\/div>\n\t\t\t\t\t<\/div>\n\t\t<\/div>\n\t\t\t\t\t<\/div>\n\t\t<\/section>\n\t\t\t\t<section class=\"elementor-section elementor-top-section elementor-element elementor-element-4533812 elementor-section-boxed elementor-section-height-default elementor-section-height-default\" data-id=\"4533812\" data-element_type=\"section\">\n\t\t\t\t\t\t<div class=\"elementor-container elementor-column-gap-default\">\n\t\t\t\t\t<div class=\"elementor-column elementor-col-100 elementor-top-column elementor-element elementor-element-f47a67d\" data-id=\"f47a67d\" data-element_type=\"column\">\n\t\t\t<div class=\"elementor-widget-wrap elementor-element-populated\">\n\t\t\t\t\t\t<div class=\"elementor-element elementor-element-e5151f1 elementor-widget elementor-widget-heading\" data-id=\"e5151f1\" data-element_type=\"widget\" data-widget_type=\"heading.default\">\n\t\t\t\t<div class=\"elementor-widget-container\">\n\t\t\t\t\t<h2 class=\"elementor-heading-title elementor-size-default\">Instructions<\/h2>\t\t\t\t<\/div>\n\t\t\t\t<\/div>\n\t\t\t\t<div class=\"elementor-element elementor-element-7190c0a elementor-widget elementor-widget-image\" data-id=\"7190c0a\" data-element_type=\"widget\" data-widget_type=\"image.default\">\n\t\t\t\t<div class=\"elementor-widget-container\">\n\t\t\t\t\t\t\t\t\t\t\t\t\t\t\t<img decoding=\"async\" width=\"57\" height=\"9\" src=\"https:\/\/mexilla.es\/wp-content\/uploads\/linia_icon.png\" class=\"attachment-full size-full wp-image-302\" alt=\"\" \/>\t\t\t\t\t\t\t\t\t\t\t\t\t\t\t<\/div>\n\t\t\t\t<\/div>\n\t\t\t\t<div class=\"elementor-element elementor-element-1b8cf51 elementor-widget elementor-widget-text-editor\" data-id=\"1b8cf51\" data-element_type=\"widget\" data-widget_type=\"text-editor.default\">\n\t\t\t\t<div class=\"elementor-widget-container\">\n\t\t\t\t\t\t\t\t\t<ol style=\"color: red; font-weight: bold;\"><li><span style=\"color: #1d1d1b; font-weight: normal;\">Peel the tomato and cut it into small cubes: pour into a bowl. <\/span><\/li><li><span style=\"color: #1d1d1b; font-weight: normal;\">Add 1 tablespoon of canned corn. <\/span><\/li><li><span style=\"color: #1d1d1b; font-weight: normal;\">Add a pinch of salt and mix well.<\/span><\/li><li><span style=\"color: #1d1d1b; font-weight: normal;\">Place a large lettuce leaf, 3 slices of processed cheese and ham on the tortilla.<\/span><\/li><li><span style=\"color: #1d1d1b; font-weight: normal;\">Sprinkle the whole with previously prepared vegetables. <\/span><\/li><li><span style=\"color: #1d1d1b; font-weight: normal;\">Wrap the tortilla and heat in the microwave for 10-15 seconds so the cheese will dissolve gently.<\/span><\/li><li><span style=\"color: #1d1d1b; font-weight: normal;\">Cut the wrap into 3 pieces equally. Your perfect snack for lunchtime is ready!<\/span><\/li><\/ol>\t\t\t\t\t\t\t\t<\/div>\n\t\t\t\t<\/div>\n\t\t\t\t\t<\/div>\n\t\t<\/div>\n\t\t\t\t\t<\/div>\n\t\t<\/section>\n\t\t\t\t<\/div>","protected":false},"excerpt":{"rendered":"<p>EXPERIENCIAS Wraps de desayuno INGREDIENTES 1 wrap de tortilla integral 3 lonchas de queso fundido 3 lonchas de jam\u00f3n 1 hoja de ensalada 1 tomate 15g de ma\u00edz en lata una pizca de sal INSTRUCCIONES Pelar el tomate y cortarlo en dados peque\u00f1os: verterlo en un bol. A\u00f1adir 1 cucharada de ma\u00edz en conserva. A\u00f1adir [&hellip;]<\/p>\n","protected":false},"author":1,"featured_media":0,"parent":32,"menu_order":0,"comment_status":"closed","ping_status":"closed","template":"elementor_header_footer","meta":{"_acf_changed":false,"footnotes":""},"class_list":["post-969","page","type-page","status-publish","hentry"],"acf":[],"_links":{"self":[{"href":"https:\/\/mexilla.es\/en\/wp-json\/wp\/v2\/pages\/969","targetHints":{"allow":["GET"]}}],"collection":[{"href":"https:\/\/mexilla.es\/en\/wp-json\/wp\/v2\/pages"}],"about":[{"href":"https:\/\/mexilla.es\/en\/wp-json\/wp\/v2\/types\/page"}],"author":[{"embeddable":true,"href":"https:\/\/mexilla.es\/en\/wp-json\/wp\/v2\/users\/1"}],"replies":[{"embeddable":true,"href":"https:\/\/mexilla.es\/en\/wp-json\/wp\/v2\/comments?post=969"}],"version-history":[{"count":7,"href":"https:\/\/mexilla.es\/en\/wp-json\/wp\/v2\/pages\/969\/revisions"}],"predecessor-version":[{"id":1048,"href":"https:\/\/mexilla.es\/en\/wp-json\/wp\/v2\/pages\/969\/revisions\/1048"}],"up":[{"embeddable":true,"href":"https:\/\/mexilla.es\/en\/wp-json\/wp\/v2\/pages\/32"}],"wp:attachment":[{"href":"https:\/\/mexilla.es\/en\/wp-json\/wp\/v2\/media?parent=969"}],"curies":[{"name":"wp","href":"https:\/\/api.w.org\/{rel}","templated":true}]}}