{"id":30,"date":"2022-06-10T08:28:21","date_gmt":"2022-06-10T08:28:21","guid":{"rendered":"https:\/\/mexilla.es\/?page_id=30"},"modified":"2023-07-17T10:09:20","modified_gmt":"2023-07-17T10:09:20","slug":"private-label","status":"publish","type":"page","link":"https:\/\/mexilla.es\/en\/productos\/private-label\/","title":{"rendered":"Private label"},"content":{"rendered":"<div data-elementor-type=\"wp-page\" data-elementor-id=\"30\" class=\"elementor elementor-30\" data-elementor-post-type=\"page\">\n\t\t\t\t\t\t<section class=\"elementor-section elementor-top-section elementor-element elementor-element-90c335b elementor-section-full_width elementor-section-height-default elementor-section-height-default\" data-id=\"90c335b\" data-element_type=\"section\">\n\t\t\t\t\t\t<div class=\"elementor-container elementor-column-gap-no\">\n\t\t\t\t\t<div class=\"elementor-column elementor-col-100 elementor-top-column elementor-element elementor-element-9045240\" data-id=\"9045240\" data-element_type=\"column\">\n\t\t\t<div class=\"elementor-widget-wrap elementor-element-populated\">\n\t\t\t\t\t\t<div class=\"elementor-element elementor-element-4289846 elementor-widget elementor-widget-image\" data-id=\"4289846\" data-element_type=\"widget\" data-widget_type=\"image.default\">\n\t\t\t\t<div class=\"elementor-widget-container\">\n\t\t\t\t\t\t\t\t\t\t\t\t\t\t\t<img fetchpriority=\"high\" decoding=\"async\" width=\"3970\" height=\"1608\" src=\"https:\/\/mexilla.es\/wp-content\/uploads\/fondo_horeca.png\" class=\"attachment-full size-full wp-image-366\" alt=\"\" srcset=\"https:\/\/mexilla.es\/wp-content\/uploads\/fondo_horeca.png 3970w, https:\/\/mexilla.es\/wp-content\/uploads\/fondo_horeca-300x122.png 300w, https:\/\/mexilla.es\/wp-content\/uploads\/fondo_horeca-1024x415.png 1024w, https:\/\/mexilla.es\/wp-content\/uploads\/fondo_horeca-768x311.png 768w, https:\/\/mexilla.es\/wp-content\/uploads\/fondo_horeca-1536x622.png 1536w, https:\/\/mexilla.es\/wp-content\/uploads\/fondo_horeca-2048x830.png 2048w\" sizes=\"(max-width: 3970px) 100vw, 3970px\" \/>\t\t\t\t\t\t\t\t\t\t\t\t\t\t\t<\/div>\n\t\t\t\t<\/div>\n\t\t\t\t<div class=\"elementor-element elementor-element-b421420 elementor-widget elementor-widget-heading\" data-id=\"b421420\" data-element_type=\"widget\" data-widget_type=\"heading.default\">\n\t\t\t\t<div class=\"elementor-widget-container\">\n\t\t\t\t\t<h1 class=\"elementor-heading-title elementor-size-default\">PRIVATE LABEL<\/h1>\t\t\t\t<\/div>\n\t\t\t\t<\/div>\n\t\t\t\t<div class=\"elementor-element elementor-element-a415fd7 elementor-widget elementor-widget-image\" data-id=\"a415fd7\" data-element_type=\"widget\" data-widget_type=\"image.default\">\n\t\t\t\t<div class=\"elementor-widget-container\">\n\t\t\t\t\t\t\t\t\t\t\t\t\t\t\t<img decoding=\"async\" width=\"354\" height=\"277\" src=\"https:\/\/mexilla.es\/wp-content\/uploads\/label-2.png\" class=\"attachment-full size-full wp-image-551\" alt=\"\" srcset=\"https:\/\/mexilla.es\/wp-content\/uploads\/label-2.png 354w, https:\/\/mexilla.es\/wp-content\/uploads\/label-2-300x235.png 300w\" sizes=\"(max-width: 354px) 100vw, 354px\" \/>\t\t\t\t\t\t\t\t\t\t\t\t\t\t\t<\/div>\n\t\t\t\t<\/div>\n\t\t\t\t\t<\/div>\n\t\t<\/div>\n\t\t\t\t\t<\/div>\n\t\t<\/section>\n\t\t\t\t<section class=\"elementor-section elementor-top-section elementor-element elementor-element-4a97a2a elementor-section-boxed elementor-section-height-default elementor-section-height-default\" data-id=\"4a97a2a\" data-element_type=\"section\">\n\t\t\t\t\t\t<div class=\"elementor-container elementor-column-gap-default\">\n\t\t\t\t\t<div class=\"elementor-column elementor-col-100 elementor-top-column elementor-element elementor-element-1506d17\" data-id=\"1506d17\" data-element_type=\"column\">\n\t\t\t<div class=\"elementor-widget-wrap elementor-element-populated\">\n\t\t\t\t\t\t<div class=\"elementor-element elementor-element-7584973 elementor-widget elementor-widget-heading\" data-id=\"7584973\" data-element_type=\"widget\" data-widget_type=\"heading.default\">\n\t\t\t\t<div class=\"elementor-widget-container\">\n\t\t\t\t\t<h5 class=\"elementor-heading-title elementor-size-default\">\u00bfEst\u00e1 buscando una empresa que fabrique para su marca? \u00danase al private label con Mexilla.<\/h5>\t\t\t\t<\/div>\n\t\t\t\t<\/div>\n\t\t\t\t<div class=\"elementor-element elementor-element-7868a1a elementor-widget elementor-widget-text-editor\" data-id=\"7868a1a\" data-element_type=\"widget\" data-widget_type=\"text-editor.default\">\n\t\t\t\t<div class=\"elementor-widget-container\">\n\t\t\t\t\t\t\t\t\t<p style=\"font-weight: 400;\">Una de nuestras caracter\u00edsticas principales, adem\u00e1s de la calidad de nuestros productos, es la orientaci\u00f3n al cliente. Por esta raz\u00f3n, adem\u00e1s de fabricar y vender los productos de nuestras marcas al canal retail y Foodservice, producimos tambi\u00e9n para otras marcas, adapt\u00e1ndonos a sus exigencias.<\/p><p style=\"font-weight: 400;\">Producimos un amplio cat\u00e1logo de productos de tortillas, Wraps, tacos, con una gran variedad de di\u00e1metros, pesos, packaging y sabores.<\/p>\t\t\t\t\t\t\t\t<\/div>\n\t\t\t\t<\/div>\n\t\t\t\t\t<\/div>\n\t\t<\/div>\n\t\t\t\t\t<\/div>\n\t\t<\/section>\n\t\t\t\t<section class=\"elementor-section elementor-top-section elementor-element elementor-element-d37cbed elementor-section-full_width elementor-section-height-default elementor-section-height-default\" data-id=\"d37cbed\" data-element_type=\"section\">\n\t\t\t\t\t\t<div class=\"elementor-container elementor-column-gap-no\">\n\t\t\t\t\t<div class=\"elementor-column elementor-col-100 elementor-top-column elementor-element elementor-element-abaa5c4\" data-id=\"abaa5c4\" data-element_type=\"column\">\n\t\t\t<div class=\"elementor-widget-wrap elementor-element-populated\">\n\t\t\t\t\t\t<div class=\"elementor-element elementor-element-579e863 elementor-widget elementor-widget-image\" data-id=\"579e863\" data-element_type=\"widget\" data-widget_type=\"image.default\">\n\t\t\t\t<div class=\"elementor-widget-container\">\n\t\t\t\t\t\t\t\t\t\t\t\t\t\t\t<img decoding=\"async\" width=\"2000\" height=\"441\" src=\"https:\/\/mexilla.es\/wp-content\/uploads\/slide_label22.jpg\" class=\"attachment-full size-full wp-image-1166\" alt=\"\" srcset=\"https:\/\/mexilla.es\/wp-content\/uploads\/slide_label22.jpg 2000w, https:\/\/mexilla.es\/wp-content\/uploads\/slide_label22-300x66.jpg 300w, https:\/\/mexilla.es\/wp-content\/uploads\/slide_label22-1024x226.jpg 1024w, https:\/\/mexilla.es\/wp-content\/uploads\/slide_label22-768x169.jpg 768w, https:\/\/mexilla.es\/wp-content\/uploads\/slide_label22-1536x339.jpg 1536w\" sizes=\"(max-width: 2000px) 100vw, 2000px\" \/>\t\t\t\t\t\t\t\t\t\t\t\t\t\t\t<\/div>\n\t\t\t\t<\/div>\n\t\t\t\t\t<\/div>\n\t\t<\/div>\n\t\t\t\t\t<\/div>\n\t\t<\/section>\n\t\t\t\t<section class=\"elementor-section elementor-top-section elementor-element elementor-element-0f5be8f elementor-section-boxed elementor-section-height-default elementor-section-height-default\" data-id=\"0f5be8f\" data-element_type=\"section\">\n\t\t\t\t\t\t<div class=\"elementor-container elementor-column-gap-default\">\n\t\t\t\t\t<div class=\"elementor-column elementor-col-100 elementor-top-column elementor-element elementor-element-e086ee8\" data-id=\"e086ee8\" data-element_type=\"column\">\n\t\t\t<div class=\"elementor-widget-wrap elementor-element-populated\">\n\t\t\t\t\t\t<div class=\"elementor-element elementor-element-49de72b elementor-widget elementor-widget-text-editor\" data-id=\"49de72b\" data-element_type=\"widget\" data-widget_type=\"text-editor.default\">\n\t\t\t\t<div class=\"elementor-widget-container\">\n\t\t\t\t\t\t\t\t\t<p>You will have complete autonomy over the size, flavour and weight of your tortilla product, while maintaining the same high standards we offer across our entire product range.<\/p>\t\t\t\t\t\t\t\t<\/div>\n\t\t\t\t<\/div>\n\t\t\t\t\t<\/div>\n\t\t<\/div>\n\t\t\t\t\t<\/div>\n\t\t<\/section>\n\t\t\t\t<section class=\"elementor-section elementor-top-section elementor-element elementor-element-d088faa elementor-section-boxed elementor-section-height-default elementor-section-height-default\" data-id=\"d088faa\" data-element_type=\"section\">\n\t\t\t\t\t\t<div class=\"elementor-container elementor-column-gap-default\">\n\t\t\t\t\t<div class=\"elementor-column elementor-col-100 elementor-top-column elementor-element elementor-element-fa92ce6\" data-id=\"fa92ce6\" data-element_type=\"column\">\n\t\t\t<div class=\"elementor-widget-wrap elementor-element-populated\">\n\t\t\t\t\t\t<div class=\"elementor-element elementor-element-f16fa45 elementor-widget elementor-widget-text-editor\" data-id=\"f16fa45\" data-element_type=\"widget\" data-widget_type=\"text-editor.default\">\n\t\t\t\t<div class=\"elementor-widget-container\">\n\t\t\t\t\t\t\t\t\t<p style=\"font-weight: 400;\">Puede ver todos los productos que fabricamos en nuestro website.<\/p><p style=\"font-weight: 400;\">Cont\u00e1ctanos a trav\u00e9s del formulario web o ll\u00e1manos y estaremos encantados de escuchar sus necesidades.<\/p>\t\t\t\t\t\t\t\t<\/div>\n\t\t\t\t<\/div>\n\t\t\t\t\t<\/div>\n\t\t<\/div>\n\t\t\t\t\t<\/div>\n\t\t<\/section>\n\t\t\t\t<section class=\"elementor-section elementor-top-section elementor-element elementor-element-7caa31a elementor-section-boxed elementor-section-height-default elementor-section-height-default\" data-id=\"7caa31a\" data-element_type=\"section\">\n\t\t\t\t\t\t<div class=\"elementor-container elementor-column-gap-default\">\n\t\t\t\t\t<div class=\"elementor-column elementor-col-100 elementor-top-column elementor-element elementor-element-16d73c4\" data-id=\"16d73c4\" data-element_type=\"column\">\n\t\t\t<div class=\"elementor-widget-wrap elementor-element-populated\">\n\t\t\t\t\t\t<div class=\"elementor-element elementor-element-8575491 elementor-align-center elementor-widget elementor-widget-button\" data-id=\"8575491\" data-element_type=\"widget\" data-widget_type=\"button.default\">\n\t\t\t\t<div class=\"elementor-widget-container\">\n\t\t\t\t\t\t\t\t\t<div class=\"elementor-button-wrapper\">\n\t\t\t\t\t<a class=\"elementor-button elementor-button-link elementor-size-sm\" href=\"https:\/\/mexilla.es\/en\/contacto\/\">\n\t\t\t\t\t\t<span class=\"elementor-button-content-wrapper\">\n\t\t\t\t\t\t\t\t\t<span class=\"elementor-button-text\">CONTACT WITH US<\/span>\n\t\t\t\t\t<\/span>\n\t\t\t\t\t<\/a>\n\t\t\t\t<\/div>\n\t\t\t\t\t\t\t\t<\/div>\n\t\t\t\t<\/div>\n\t\t\t\t\t<\/div>\n\t\t<\/div>\n\t\t\t\t\t<\/div>\n\t\t<\/section>\n\t\t\t\t<\/div>","protected":false},"excerpt":{"rendered":"<p>PRIVATE LABEL \u00bfEst\u00e1 buscando una empresa que fabrique para su marca? \u00danase al private label con Mexilla. Una de nuestras caracter\u00edsticas principales, adem\u00e1s de la calidad de nuestros productos, es la orientaci\u00f3n al cliente. Por esta raz\u00f3n, adem\u00e1s de fabricar y vender los productos de nuestras marcas al canal retail y Foodservice, producimos tambi\u00e9n para [&hellip;]<\/p>\n","protected":false},"author":1,"featured_media":0,"parent":23,"menu_order":0,"comment_status":"closed","ping_status":"open","template":"elementor_header_footer","meta":{"_acf_changed":false,"footnotes":""},"class_list":["post-30","page","type-page","status-publish","hentry"],"acf":[],"_links":{"self":[{"href":"https:\/\/mexilla.es\/en\/wp-json\/wp\/v2\/pages\/30","targetHints":{"allow":["GET"]}}],"collection":[{"href":"https:\/\/mexilla.es\/en\/wp-json\/wp\/v2\/pages"}],"about":[{"href":"https:\/\/mexilla.es\/en\/wp-json\/wp\/v2\/types\/page"}],"author":[{"embeddable":true,"href":"https:\/\/mexilla.es\/en\/wp-json\/wp\/v2\/users\/1"}],"replies":[{"embeddable":true,"href":"https:\/\/mexilla.es\/en\/wp-json\/wp\/v2\/comments?post=30"}],"version-history":[{"count":56,"href":"https:\/\/mexilla.es\/en\/wp-json\/wp\/v2\/pages\/30\/revisions"}],"predecessor-version":[{"id":1421,"href":"https:\/\/mexilla.es\/en\/wp-json\/wp\/v2\/pages\/30\/revisions\/1421"}],"up":[{"embeddable":true,"href":"https:\/\/mexilla.es\/en\/wp-json\/wp\/v2\/pages\/23"}],"wp:attachment":[{"href":"https:\/\/mexilla.es\/en\/wp-json\/wp\/v2\/media?parent=30"}],"curies":[{"name":"wp","href":"https:\/\/api.w.org\/{rel}","templated":true}]}}