{"id":1327,"date":"2023-05-18T12:19:00","date_gmt":"2023-05-18T12:19:00","guid":{"rendered":"https:\/\/mexilla.es\/?page_id=1327"},"modified":"2023-05-26T18:23:24","modified_gmt":"2023-05-26T18:23:24","slug":"politica-de-privacidad","status":"publish","type":"page","link":"https:\/\/mexilla.es\/en\/politica-de-privacidad\/","title":{"rendered":"Pol\u00edtica de privacidad"},"content":{"rendered":"<div data-elementor-type=\"wp-page\" data-elementor-id=\"1327\" class=\"elementor elementor-1327\" data-elementor-post-type=\"page\">\n\t\t\t\t\t\t<section class=\"elementor-section elementor-top-section elementor-element elementor-element-90c335b elementor-section-full_width elementor-section-height-default elementor-section-height-default\" data-id=\"90c335b\" data-element_type=\"section\">\n\t\t\t\t\t\t<div class=\"elementor-container elementor-column-gap-no\">\n\t\t\t\t\t<div class=\"elementor-column elementor-col-100 elementor-top-column elementor-element elementor-element-9045240\" data-id=\"9045240\" data-element_type=\"column\">\n\t\t\t<div class=\"elementor-widget-wrap elementor-element-populated\">\n\t\t\t\t\t\t<div class=\"elementor-element elementor-element-4289846 elementor-widget elementor-widget-image\" data-id=\"4289846\" data-element_type=\"widget\" data-widget_type=\"image.default\">\n\t\t\t\t<div class=\"elementor-widget-container\">\n\t\t\t\t\t\t\t\t\t\t\t\t\t\t\t<img fetchpriority=\"high\" decoding=\"async\" width=\"3970\" height=\"1608\" src=\"https:\/\/mexilla.es\/wp-content\/uploads\/fondo_horeca.png\" class=\"attachment-full size-full wp-image-366\" alt=\"\" srcset=\"https:\/\/mexilla.es\/wp-content\/uploads\/fondo_horeca.png 3970w, https:\/\/mexilla.es\/wp-content\/uploads\/fondo_horeca-300x122.png 300w, https:\/\/mexilla.es\/wp-content\/uploads\/fondo_horeca-1024x415.png 1024w, https:\/\/mexilla.es\/wp-content\/uploads\/fondo_horeca-768x311.png 768w, https:\/\/mexilla.es\/wp-content\/uploads\/fondo_horeca-1536x622.png 1536w, https:\/\/mexilla.es\/wp-content\/uploads\/fondo_horeca-2048x830.png 2048w\" sizes=\"(max-width: 3970px) 100vw, 3970px\" \/>\t\t\t\t\t\t\t\t\t\t\t\t\t\t\t<\/div>\n\t\t\t\t<\/div>\n\t\t\t\t<div class=\"elementor-element elementor-element-b421420 elementor-widget elementor-widget-heading\" data-id=\"b421420\" data-element_type=\"widget\" data-widget_type=\"heading.default\">\n\t\t\t\t<div class=\"elementor-widget-container\">\n\t\t\t\t\t<h1 class=\"elementor-heading-title elementor-size-default\">PRIVACY POLICY<\/h1>\t\t\t\t<\/div>\n\t\t\t\t<\/div>\n\t\t\t\t\t<\/div>\n\t\t<\/div>\n\t\t\t\t\t<\/div>\n\t\t<\/section>\n\t\t\t\t<section class=\"elementor-section elementor-top-section elementor-element elementor-element-4a97a2a elementor-section-boxed elementor-section-height-default elementor-section-height-default\" data-id=\"4a97a2a\" data-element_type=\"section\">\n\t\t\t\t\t\t<div class=\"elementor-container elementor-column-gap-default\">\n\t\t\t\t\t<div class=\"elementor-column elementor-col-100 elementor-top-column elementor-element elementor-element-1506d17\" data-id=\"1506d17\" data-element_type=\"column\">\n\t\t\t<div class=\"elementor-widget-wrap elementor-element-populated\">\n\t\t\t\t\t\t<div class=\"elementor-element elementor-element-7868a1a elementor-widget elementor-widget-text-editor\" data-id=\"7868a1a\" data-element_type=\"widget\" data-widget_type=\"text-editor.default\">\n\t\t\t\t<div class=\"elementor-widget-container\">\n\t\t\t\t\t\t\t\t\t<p class=\"Standard\" style=\"margin: 14pt 0cm; text-align: justify; font-size: 9pt; font-family: Arial, sans-serif; color: #000000;\"><span lang=\"ES\">The use of this website and its forms requires acceptance of the processing of the user's data in accordance with this privacy policy. This includes the collection of access data and the delivery of commercial information by electronic means.<\/span><\/p><p class=\"Ttulo3\" style=\"margin: 12pt 0cm 3pt; text-align: justify; break-after: avoid; font-size: 13pt; font-family: Arial, sans-serif; color: #666666; font-weight: bold;\"><span lang=\"ES\">Data controller and contact information<\/span><\/p><p class=\"Standard\" style=\"margin: 14pt 0cm; text-align: justify; font-size: 9pt; font-family: Arial, sans-serif; color: #000000;\"><span lang=\"ES\">The data controller is: MEXILLA TORTILLA &amp; BREAD EUROPEAN GROUP SL<\/span><\/p><p class=\"Standard\" style=\"margin: 14pt 0cm; text-align: justify; font-size: 9pt; font-family: Arial, sans-serif; color: #000000;\"><span lang=\"ES\">Address: C\/Can Balmes 2-12 08460 Santa Maria de Palautordera<\/span><\/p><p class=\"Standard\" style=\"margin: 14pt 0cm; text-align: justify; font-size: 9pt; font-family: Arial, sans-serif; color: #000000;\"><span lang=\"ES\">Datos de contacto del responsable: 93 848 72 47\u00a0\u00a0\u00a0 email info@mexilla.es<\/span><\/p><p class=\"Ttulo3\" style=\"margin: 12pt 0cm 3pt; text-align: justify; break-after: avoid; font-size: 13pt; font-family: Arial, sans-serif; color: #666666; font-weight: bold;\"><span lang=\"ES\" style=\"color: windowtext;\">Purpose of the data processing<\/span><\/p><p class=\"Standard\" style=\"margin: 14pt 0cm; text-align: justify; font-size: 9pt; font-family: Arial, sans-serif; color: #000000;\"><span lang=\"ES\">Data is processed with the aim of providing access to the online contents of the web as well as fulfill the requests from the users, keep a record of visits for statistical purposes (IP addresses, browser type, country, page accessed, etc.), to apply measures aimed at the security of the web, and, to deliver commercial information by electronic means about our products and services.<\/span><\/p><p class=\"Standard\" style=\"margin: 14pt 0cm; text-align: justify; font-size: 9pt; font-family: Arial, sans-serif; color: #000000;\"><span lang=\"ES\">When the user fills any of our forms it will be necessary to provide certain personal data, and it will be processed to carry out the user's request.<\/span><\/p><p class=\"Ttulo3\" style=\"margin: 12pt 0cm 3pt; text-align: justify; break-after: avoid; font-size: 13pt; font-family: Arial, sans-serif; color: #666666; font-weight: bold;\"><span lang=\"ES\">Legitimacy<\/span><\/p><p class=\"Standard\" style=\"margin: 14pt 0cm; text-align: justify; font-size: 9pt; font-family: Arial, sans-serif; color: #000000;\"><span lang=\"ES\">The data is processed in base of the consent of the user, compliance with legal obligations, where appropriate for the execution of a contract or pre-contract.<\/span><\/p><p class=\"Ttulo3\" style=\"margin: 12pt 0cm 3pt; text-align: justify; break-after: avoid; font-size: 13pt; font-family: Arial, sans-serif; color: #666666; font-weight: bold;\"><span lang=\"ES\">Data recipients and transfers<\/span><\/p><p class=\"Standard\" style=\"margin: 14pt 0cm; text-align: justify; font-size: 9pt; font-family: Arial, sans-serif; color: #000000;\"><span lang=\"ES\">Recipients: MEXILLA TORTILLA &amp; BREAD EUROPEAN GROUP SL.<\/span><\/p><p class=\"Standard\" style=\"margin: 14pt 0cm; text-align: justify; font-size: 9pt; font-family: Arial, sans-serif; color: #000000;\"><span lang=\"ES\">International transfers are not planned (outside the European Economic Area), except for storage purposes, and in any case on the basis of an adequacy decision or on the provision of adequate guarantees.<\/span><\/p><p class=\"Ttulo3\" style=\"margin: 12pt 0cm 3pt; text-align: justify; break-after: avoid; font-size: 13pt; font-family: Arial, sans-serif; color: #666666; font-weight: bold;\"><span lang=\"ES\">Data retention time<\/span><\/p><p class=\"Standard\" style=\"margin: 14pt 0cm; text-align: justify; font-size: 9pt; font-family: Arial, sans-serif; color: #000000;\"><span lang=\"ES\">Data will be stored at least during the periods established by the applicable legislation and in any case during the validity of the consent.<\/span><\/p><p class=\"Ttulo3\" style=\"margin: 12pt 0cm 3pt; text-align: justify; break-after: avoid; font-size: 13pt; font-family: Arial, sans-serif; color: #666666; font-weight: bold;\"><span lang=\"ES\">People rights<\/span><\/p><p class=\"Standard\" style=\"margin: 14pt 0cm; text-align: justify; font-size: 9pt; font-family: Arial, sans-serif; color: #000000;\"><span lang=\"ES\">Data subjects have the right to: access, rectify and delete their data; request the portability of their data; oppose the processing or request its limitation; withdraw the consent.<\/span><\/p><p class=\"Standard\" style=\"margin: 14pt 0cm; text-align: justify; font-size: 9pt; font-family: Arial, sans-serif; color: #000000;\"><span lang=\"ES\">For this, data subjects can send a written or e-mail request, to the address of the data controller, including the reference \"Data Protection\".<\/span><\/p><p class=\"Standard\" style=\"margin: 14pt 0cm; text-align: justify; font-size: 9pt; font-family: Arial, sans-serif; color: #000000;\"><span lang=\"ES\">In order to ease identification, data subjects should attach a photocopy of his ID\/passport to the application.<\/span><\/p><p class=\"Standard\" style=\"margin: 14pt 0cm; text-align: justify; font-size: 9pt; font-family: Arial, sans-serif; color: #000000;\"><span lang=\"ES\">Data subjects have the right to issue a complaint with the Data Protection Control Authorites.<\/span><\/p><p class=\"Ttulo3\" style=\"margin: 12pt 0cm 3pt; text-align: justify; break-after: avoid; font-size: 13pt; font-family: Arial, sans-serif; color: #666666; font-weight: bold;\"><span lang=\"ES\">Veracity of data, updating data<\/span><\/p><p class=\"Standard\" style=\"margin: 14pt 0cm; text-align: justify; font-size: 9pt; font-family: Arial, sans-serif; color: #000000;\"><span lang=\"ES\">The user must fill the forms with real, exact, complete and up-to-date data. The user will not enter data about other people; will presume that the data has been entered by the data subject him or herself. The user will be the only responsible for any harm or damage, direct or indirectly caused to another individual, derived from providing false, inexact, incomplete, or outdated data or data referring to another person.<\/span><\/p><p class=\"Standard\" style=\"margin: 14pt 0cm; text-align: justify; font-size: 9pt; font-family: Arial, sans-serif; color: #000000;\"><span lang=\"ES\">The user must communicate any changes in the provided data in order to keep it up-to-date.<\/span><\/p><p class=\"Ttulo3\" style=\"margin: 12pt 0cm 3pt; text-align: justify; break-after: avoid; font-size: 13pt; font-family: Arial, sans-serif; color: #666666; font-weight: bold;\"><span lang=\"ES\">Information security<\/span><\/p><p class=\"Standard\" style=\"margin: 14pt 0cm; text-align: justify; font-size: 9pt; font-family: Arial, sans-serif; color: #000000;\"><span lang=\"ES\">has taken all the measures required by law to protect personal data; likewise, has adopted the technical measures available to prevent data loss, unfair use, alteration, unauthorized access or data theft. Nevertheless, the user will take into account that security measures in Internet are not completely unbreachable.<\/span><\/p><p class=\"Ttulo3\" style=\"margin: 12pt 0cm 3pt; text-align: justify; break-after: avoid; font-size: 13pt; font-family: Arial, sans-serif; color: #666666; font-weight: bold;\"><span lang=\"ES\">Minors<\/span><\/p><p class=\"Standard\" style=\"margin: 14pt 0cm; text-align: justify; font-size: 9pt; font-family: Arial, sans-serif; color: #000000;\"><span lang=\"ES\">forbids the use of this website to individuals under 14 years, unless specific consent has been given by the parents of guardians.<\/span><\/p><p class=\"Standard\" style=\"margin: 14pt 0cm; text-align: justify; font-size: 9pt; font-family: Arial, sans-serif; color: #000000;\"><span lang=\"ES\">Minors are not allowed to provide with data about other household members (like the title or job of their parents, economic data, sociological characteristics or any other kind of information) without the consent of the data subjects themselves.<\/span><\/p><p class=\"Ttulo3\" style=\"margin: 12pt 0cm 3pt; text-align: justify; break-after: avoid; font-size: 13pt; font-family: Arial, sans-serif; color: #666666; font-weight: bold;\"><span lang=\"ES\">Web analytics<\/span><\/p><p class=\"Standard\" style=\"margin: 14pt 0cm; text-align: justify; font-size: 9pt; font-family: Arial, sans-serif; color: #000000;\"><span lang=\"ES\">This website deploys web analytics in order to gain some understanding on how user search for, access and navigate it. These analytics can entail the collection of personal data like the user IP address, connection location, browsing software and hardware features, etc. This information is not associated to the user and is exclusively used for statistical analysis.<\/span><\/p><p class=\"Ttulo3\" style=\"margin: 12pt 0cm 3pt; text-align: justify; break-after: avoid; font-size: 13pt; font-family: Arial, sans-serif; color: #666666; font-weight: bold;\"><span lang=\"ES\">Use of third-party functions and plug-ins<\/span><\/p><p class=\"Standard\" style=\"margin: 14pt 0cm; text-align: justify; font-size: 9pt; font-family: Arial, sans-serif; color: #000000;\"><span lang=\"ES\">This website may deploy functions and plug-ins provided by third parties. These functions serve several purposes like: third-party web analytics; third-party maps; third-party video streaming; sharing contents in social networks; etc.<\/span><\/p><p class=\"Standard\" style=\"margin: 14pt 0cm; text-align: justify; font-size: 9pt; font-family: Arial, sans-serif; color: #000000;\"><span lang=\"ES\">A function or plugin provided by a third party establishes a direct connection between the user browser and internet domains owned by the third party, allowing to download and execution of the function.<\/span><\/p><p class=\"Standard\" style=\"margin: 14pt 0cm; text-align: justify; font-size: 9pt; font-family: Arial, sans-serif; color: #000000;\"><span lang=\"ES\">Most third-party plugins collect information about the websites visited by the user in order to know his or her interests and to provide targeted advertisements.<\/span><\/p><p class=\"Ttulo3\" style=\"margin: 12pt 0cm 3pt; text-align: justify; break-after: avoid; font-size: 13pt; font-family: Arial, sans-serif; color: #666666; font-weight: bold;\"><span lang=\"ES\">Use of the Google Analytics function provided by Google, Inc.<\/span><\/p><p class=\"Standard\" style=\"margin: 14pt 0cm; text-align: justify; font-size: 9pt; font-family: Arial, sans-serif; color: #000000;\"><span lang=\"ES\">This website deploys analytical functions provided by Google Inc (1600 AMPHITHEATRE PARKWAY, MOUNTAIN VIEW, CALIFORNIA, USA) in order to understand how user search for, access and navigate it. These analytics can entail the collection of user activity tied to his or her IP address. When the user loads this website, the user browser makes a connection to Google domains like google.com in order to record the user access to the website. Google Analytics makes use of permanent cookies to create anonymous analytics about this website, according to Google's privacy policy:  https:\/\/support.google.com\/analytics\/answer\/6004245?hl=en. The user consent for the processing performed by Google is implied from the use of this website.<\/span><\/p><p class=\"Ttulo3\" style=\"margin: 12pt 0cm 3pt; text-align: justify; break-after: avoid; font-size: 13pt; font-family: Arial, sans-serif; color: #666666; font-weight: bold;\"><span lang=\"ES\">Use of functions provided by Google, Inc.<\/span><\/p><p class=\"Standard\" style=\"margin: 14pt 0cm; text-align: justify; font-size: 9pt; font-family: Arial, sans-serif; color: #000000;\"><span lang=\"ES\">This website deploys functions provided by Google Inc (1600 AMPHITHEATRE PARKWAY, MOUNTAIN VIEW, CALIFORNIA, USA) like Youtube videos, maps and social buttons \u201c+1\u201d. These functions can entail the collection of user activity tied to his or her IP address. When the user loads this website, the user browser makes a connection to Google domains like google.com enabling Google to know that the user is accessing the website. Google collects usage data for several purposes including targeted advertisements according to Google's privacy policies http:\/\/www.google.es\/intl\/en\/policies\/privacy\/. The user consent for the processing performed by Google is implied from the use of this website.<\/span><\/p><p class=\"Standard\" style=\"margin: 14pt 0cm; text-align: justify; font-size: 9pt; font-family: Arial, sans-serif; color: #000000;\"><span lang=\"ES\">\u00a0<\/span><\/p><p style=\"text-align: left;\">\u00a0<\/p>\t\t\t\t\t\t\t\t<\/div>\n\t\t\t\t<\/div>\n\t\t\t\t\t<\/div>\n\t\t<\/div>\n\t\t\t\t\t<\/div>\n\t\t<\/section>\n\t\t\t\t<section class=\"elementor-section elementor-top-section elementor-element elementor-element-7caa31a elementor-section-boxed elementor-section-height-default elementor-section-height-default\" data-id=\"7caa31a\" data-element_type=\"section\">\n\t\t\t\t\t\t<div class=\"elementor-container elementor-column-gap-default\">\n\t\t\t\t\t<div class=\"elementor-column elementor-col-100 elementor-top-column elementor-element elementor-element-16d73c4\" data-id=\"16d73c4\" data-element_type=\"column\">\n\t\t\t<div class=\"elementor-widget-wrap elementor-element-populated\">\n\t\t\t\t\t\t<div class=\"elementor-element elementor-element-8575491 elementor-align-center elementor-widget elementor-widget-button\" data-id=\"8575491\" data-element_type=\"widget\" data-widget_type=\"button.default\">\n\t\t\t\t<div class=\"elementor-widget-container\">\n\t\t\t\t\t\t\t\t\t<div class=\"elementor-button-wrapper\">\n\t\t\t\t\t<a class=\"elementor-button elementor-button-link elementor-size-sm\" href=\"https:\/\/mexilla.es\/en\/contacto\/\">\n\t\t\t\t\t\t<span class=\"elementor-button-content-wrapper\">\n\t\t\t\t\t\t\t\t\t<span class=\"elementor-button-text\">CONTACT WITH US<\/span>\n\t\t\t\t\t<\/span>\n\t\t\t\t\t<\/a>\n\t\t\t\t<\/div>\n\t\t\t\t\t\t\t\t<\/div>\n\t\t\t\t<\/div>\n\t\t\t\t\t<\/div>\n\t\t<\/div>\n\t\t\t\t\t<\/div>\n\t\t<\/section>\n\t\t\t\t<\/div>","protected":false},"excerpt":{"rendered":"<p>POL\u00cdTICA DE PRIVACIDAD La utilizaci\u00f3n de esta web y de sus formularios requiere la aceptaci\u00f3n del tratamiento de los datos del usuario conforme a esta pol\u00edtica de privacidad, incluyendo la recopilaci\u00f3n de datos de acceso y el env\u00edo de informaci\u00f3n comercial por v\u00eda electr\u00f3nica. Responsable del tratamiento de los datos e informaci\u00f3n de contacto El [&hellip;]<\/p>\n","protected":false},"author":1,"featured_media":0,"parent":0,"menu_order":0,"comment_status":"closed","ping_status":"closed","template":"elementor_header_footer","meta":{"_acf_changed":false,"footnotes":""},"class_list":["post-1327","page","type-page","status-publish","hentry"],"acf":[],"_links":{"self":[{"href":"https:\/\/mexilla.es\/en\/wp-json\/wp\/v2\/pages\/1327","targetHints":{"allow":["GET"]}}],"collection":[{"href":"https:\/\/mexilla.es\/en\/wp-json\/wp\/v2\/pages"}],"about":[{"href":"https:\/\/mexilla.es\/en\/wp-json\/wp\/v2\/types\/page"}],"author":[{"embeddable":true,"href":"https:\/\/mexilla.es\/en\/wp-json\/wp\/v2\/users\/1"}],"replies":[{"embeddable":true,"href":"https:\/\/mexilla.es\/en\/wp-json\/wp\/v2\/comments?post=1327"}],"version-history":[{"count":18,"href":"https:\/\/mexilla.es\/en\/wp-json\/wp\/v2\/pages\/1327\/revisions"}],"predecessor-version":[{"id":1398,"href":"https:\/\/mexilla.es\/en\/wp-json\/wp\/v2\/pages\/1327\/revisions\/1398"}],"wp:attachment":[{"href":"https:\/\/mexilla.es\/en\/wp-json\/wp\/v2\/media?parent=1327"}],"curies":[{"name":"wp","href":"https:\/\/api.w.org\/{rel}","templated":true}]}}