{"id":1131,"date":"2022-06-17T07:57:50","date_gmt":"2022-06-17T07:57:50","guid":{"rendered":"https:\/\/mexilla.es\/?page_id=1131"},"modified":"2023-08-15T17:20:58","modified_gmt":"2023-08-15T17:20:58","slug":"trabaja-con-nosotros","status":"publish","type":"page","link":"https:\/\/mexilla.es\/en\/productos\/trabaja-con-nosotros\/","title":{"rendered":"Work with us"},"content":{"rendered":"\t\t<div data-elementor-type=\"wp-page\" data-elementor-id=\"1131\" class=\"elementor elementor-1131\" data-elementor-post-type=\"page\">\n\t\t\t\t\t\t<section class=\"elementor-section elementor-top-section elementor-element elementor-element-90c335b elementor-section-full_width elementor-section-height-default elementor-section-height-default\" data-id=\"90c335b\" data-element_type=\"section\">\n\t\t\t\t\t\t<div class=\"elementor-container elementor-column-gap-no\">\n\t\t\t\t\t<div class=\"elementor-column elementor-col-100 elementor-top-column elementor-element elementor-element-9045240\" data-id=\"9045240\" data-element_type=\"column\">\n\t\t\t<div class=\"elementor-widget-wrap elementor-element-populated\">\n\t\t\t\t\t\t<div class=\"elementor-element elementor-element-4289846 elementor-widget elementor-widget-image\" data-id=\"4289846\" data-element_type=\"widget\" data-widget_type=\"image.default\">\n\t\t\t\t<div class=\"elementor-widget-container\">\n\t\t\t\t\t\t\t\t\t\t\t\t\t\t\t<img fetchpriority=\"high\" decoding=\"async\" width=\"3970\" height=\"1608\" src=\"https:\/\/mexilla.es\/wp-content\/uploads\/fondo_horeca.png\" class=\"attachment-full size-full wp-image-366\" alt=\"\" srcset=\"https:\/\/mexilla.es\/wp-content\/uploads\/fondo_horeca.png 3970w, https:\/\/mexilla.es\/wp-content\/uploads\/fondo_horeca-300x122.png 300w, https:\/\/mexilla.es\/wp-content\/uploads\/fondo_horeca-1024x415.png 1024w, https:\/\/mexilla.es\/wp-content\/uploads\/fondo_horeca-768x311.png 768w, https:\/\/mexilla.es\/wp-content\/uploads\/fondo_horeca-1536x622.png 1536w, https:\/\/mexilla.es\/wp-content\/uploads\/fondo_horeca-2048x830.png 2048w\" sizes=\"(max-width: 3970px) 100vw, 3970px\" \/>\t\t\t\t\t\t\t\t\t\t\t\t\t\t\t<\/div>\n\t\t\t\t<\/div>\n\t\t\t\t<div class=\"elementor-element elementor-element-b421420 elementor-widget elementor-widget-heading\" data-id=\"b421420\" data-element_type=\"widget\" data-widget_type=\"heading.default\">\n\t\t\t\t<div class=\"elementor-widget-container\">\n\t\t\t\t\t<h1 class=\"elementor-heading-title elementor-size-default\">TRABAJA CON NOSOTROS<\/h1>\t\t\t\t<\/div>\n\t\t\t\t<\/div>\n\t\t\t\t\t<\/div>\n\t\t<\/div>\n\t\t\t\t\t<\/div>\n\t\t<\/section>\n\t\t\t\t<section class=\"elementor-section elementor-top-section elementor-element elementor-element-4a97a2a elementor-section-boxed elementor-section-height-default elementor-section-height-default\" data-id=\"4a97a2a\" data-element_type=\"section\">\n\t\t\t\t\t\t<div class=\"elementor-container elementor-column-gap-default\">\n\t\t\t\t\t<div class=\"elementor-column elementor-col-100 elementor-top-column elementor-element elementor-element-1506d17\" data-id=\"1506d17\" data-element_type=\"column\">\n\t\t\t<div class=\"elementor-widget-wrap elementor-element-populated\">\n\t\t\t\t\t\t<div class=\"elementor-element elementor-element-7584973 elementor-widget elementor-widget-heading\" data-id=\"7584973\" data-element_type=\"widget\" data-widget_type=\"heading.default\">\n\t\t\t\t<div class=\"elementor-widget-container\">\n\t\t\t\t\t<h5 class=\"elementor-heading-title elementor-size-default\">Mexilla es un lugar donde el trabajo se convierte en una pasi\u00f3n.<\/h5>\t\t\t\t<\/div>\n\t\t\t\t<\/div>\n\t\t\t\t<div class=\"elementor-element elementor-element-7868a1a elementor-widget elementor-widget-text-editor\" data-id=\"7868a1a\" data-element_type=\"widget\" data-widget_type=\"text-editor.default\">\n\t\t\t\t<div class=\"elementor-widget-container\">\n\t\t\t\t\t\t\t\t\t<p>Como empresa joven que sigue evolucionando y expandi\u00e9ndose, buscamos constantemente personas que puedan reforzar nuestro equipo actual.<\/p><p>Con m\u00e1s de 200 empleados de diversos or\u00edgenes y nacionalidades, ofrecemos una experiencia verdaderamente internacional y un entorno en el que puede sentirse feliz, seguro y realizado. Sobre todo, podemos ofrecer una carrera llena de aprendizaje y desarrollo emocionante y continuo. Cada empleado aporta su propia personalidad y sus puntos fuertes al trabajo: esto es lo que impulsa nuestro \u00e9xito.<\/p>\t\t\t\t\t\t\t\t<\/div>\n\t\t\t\t<\/div>\n\t\t\t\t\t<\/div>\n\t\t<\/div>\n\t\t\t\t\t<\/div>\n\t\t<\/section>\n\t\t\t\t<section class=\"elementor-section elementor-top-section elementor-element elementor-element-d37cbed elementor-section-full_width elementor-section-height-default elementor-section-height-default\" data-id=\"d37cbed\" data-element_type=\"section\">\n\t\t\t\t\t\t<div class=\"elementor-container elementor-column-gap-no\">\n\t\t\t\t\t<div class=\"elementor-column elementor-col-100 elementor-top-column elementor-element elementor-element-abaa5c4\" data-id=\"abaa5c4\" data-element_type=\"column\">\n\t\t\t<div class=\"elementor-widget-wrap elementor-element-populated\">\n\t\t\t\t\t\t<div class=\"elementor-element elementor-element-579e863 elementor-widget elementor-widget-image\" data-id=\"579e863\" data-element_type=\"widget\" data-widget_type=\"image.default\">\n\t\t\t\t<div class=\"elementor-widget-container\">\n\t\t\t\t\t\t\t\t\t\t\t\t\t\t\t<img decoding=\"async\" width=\"2000\" height=\"706\" src=\"https:\/\/mexilla.es\/wp-content\/uploads\/slide_trabaja.jpg\" class=\"attachment-full size-full wp-image-1172\" alt=\"\" srcset=\"https:\/\/mexilla.es\/wp-content\/uploads\/slide_trabaja.jpg 2000w, https:\/\/mexilla.es\/wp-content\/uploads\/slide_trabaja-300x106.jpg 300w, https:\/\/mexilla.es\/wp-content\/uploads\/slide_trabaja-1024x361.jpg 1024w, https:\/\/mexilla.es\/wp-content\/uploads\/slide_trabaja-768x271.jpg 768w, https:\/\/mexilla.es\/wp-content\/uploads\/slide_trabaja-1536x542.jpg 1536w\" sizes=\"(max-width: 2000px) 100vw, 2000px\" \/>\t\t\t\t\t\t\t\t\t\t\t\t\t\t\t<\/div>\n\t\t\t\t<\/div>\n\t\t\t\t\t<\/div>\n\t\t<\/div>\n\t\t\t\t\t<\/div>\n\t\t<\/section>\n\t\t\t\t<section class=\"elementor-section elementor-top-section elementor-element elementor-element-d088faa elementor-section-boxed elementor-section-height-default elementor-section-height-default\" data-id=\"d088faa\" data-element_type=\"section\">\n\t\t\t\t\t\t<div class=\"elementor-container elementor-column-gap-default\">\n\t\t\t\t\t<div class=\"elementor-column elementor-col-100 elementor-top-column elementor-element elementor-element-fa92ce6\" data-id=\"fa92ce6\" data-element_type=\"column\">\n\t\t\t<div class=\"elementor-widget-wrap elementor-element-populated\">\n\t\t\t\t\t\t<div class=\"elementor-element elementor-element-f16fa45 elementor-widget elementor-widget-text-editor\" data-id=\"f16fa45\" data-element_type=\"widget\" data-widget_type=\"text-editor.default\">\n\t\t\t\t<div class=\"elementor-widget-container\">\n\t\t\t\t\t\t\t\t\t<p>[forminator_form id=\u00bb1546&#8243;]<\/p>\t\t\t\t\t\t\t\t<\/div>\n\t\t\t\t<\/div>\n\t\t\t\t\t<\/div>\n\t\t<\/div>\n\t\t\t\t\t<\/div>\n\t\t<\/section>\n\t\t\t\t<\/div>\n\t\t","protected":false},"excerpt":{"rendered":"<p>TRABAJA CON NOSOTROS Mexilla es un lugar donde el trabajo se convierte en una pasi\u00f3n. Como empresa joven que sigue evolucionando y expandi\u00e9ndose, buscamos constantemente personas que puedan reforzar nuestro equipo actual. Con m\u00e1s de 200 empleados de diversos or\u00edgenes y nacionalidades, ofrecemos una experiencia verdaderamente internacional y un entorno en el que puede sentirse [&hellip;]<\/p>\n","protected":false},"author":1,"featured_media":0,"parent":23,"menu_order":0,"comment_status":"closed","ping_status":"closed","template":"elementor_header_footer","meta":{"_acf_changed":false,"footnotes":""},"class_list":["post-1131","page","type-page","status-publish","hentry"],"acf":[],"_links":{"self":[{"href":"https:\/\/mexilla.es\/en\/wp-json\/wp\/v2\/pages\/1131","targetHints":{"allow":["GET"]}}],"collection":[{"href":"https:\/\/mexilla.es\/en\/wp-json\/wp\/v2\/pages"}],"about":[{"href":"https:\/\/mexilla.es\/en\/wp-json\/wp\/v2\/types\/page"}],"author":[{"embeddable":true,"href":"https:\/\/mexilla.es\/en\/wp-json\/wp\/v2\/users\/1"}],"replies":[{"embeddable":true,"href":"https:\/\/mexilla.es\/en\/wp-json\/wp\/v2\/comments?post=1131"}],"version-history":[{"count":20,"href":"https:\/\/mexilla.es\/en\/wp-json\/wp\/v2\/pages\/1131\/revisions"}],"predecessor-version":[{"id":20345,"href":"https:\/\/mexilla.es\/en\/wp-json\/wp\/v2\/pages\/1131\/revisions\/20345"}],"up":[{"embeddable":true,"href":"https:\/\/mexilla.es\/en\/wp-json\/wp\/v2\/pages\/23"}],"wp:attachment":[{"href":"https:\/\/mexilla.es\/en\/wp-json\/wp\/v2\/media?parent=1131"}],"curies":[{"name":"wp","href":"https:\/\/api.w.org\/{rel}","templated":true}]}}